{"id":63,"date":"2024-03-12T13:33:02","date_gmt":"2024-03-12T13:33:02","guid":{"rendered":"https:\/\/uta-beger.office-tech.gmbh\/?page_id=63"},"modified":"2024-03-12T13:33:02","modified_gmt":"2024-03-12T13:33:02","slug":"kontakt","status":"publish","type":"page","link":"https:\/\/uta-beger.office-tech.gmbh\/index.php\/kontakt\/","title":{"rendered":"Kontakt"},"content":{"rendered":"\n<p>Kontaktieren Sie mich, wenn Sie weitere Informationen zu meinen Produkten und Dienstleistungen w\u00fcnschen.<\/p>\n\n\n\n<p>Ich kann Ihnen helfen, genau das Gew\u00fcnschte zu finden und berate Sie gerne bei Ihren Fragen.<\/p>\n\n\n\n<p>Uta Beger<\/p>\n\n\n\n<p>Tilsiter Stra\u00dfe 6<\/p>\n\n\n\n<p>30827 Garbsen OT Berenbostel<\/p>\n\n\n\n<p>Telefon: 05131-463076<\/p>\n\n\n\n<p>E-Mail: info@uta-beger.de<\/p>\n","protected":false},"excerpt":{"rendered":"<p>Kontaktieren Sie mich, wenn Sie weitere Informationen zu meinen Produkten und Dienstleistungen w\u00fcnschen. Ich kann Ihnen helfen, genau das Gew\u00fcnschte zu finden und berate Sie gerne bei Ihren Fragen. Uta Beger Tilsiter Stra\u00dfe 6 30827 Garbsen OT Berenbostel Telefon: 05131-463076 E-Mail: info@uta-beger.de<\/p>\n","protected":false},"author":1,"featured_media":0,"parent":0,"menu_order":0,"comment_status":"closed","ping_status":"closed","template":"","meta":{"zakra_sidebar_layout":"customizer","zakra_remove_content_margin":false,"zakra_sidebar":"customizer","zakra_transparent_header":"customizer","zakra_logo":0,"zakra_main_header_style":"default","zakra_menu_item_color":"","zakra_menu_item_hover_color":"","zakra_menu_item_active_color":"","zakra_menu_active_style":"","zakra_page_header":true,"footnotes":""},"class_list":["post-63","page","type-page","status-publish","hentry"],"_links":{"self":[{"href":"https:\/\/uta-beger.office-tech.gmbh\/index.php\/wp-json\/wp\/v2\/pages\/63","targetHints":{"allow":["GET"]}}],"collection":[{"href":"https:\/\/uta-beger.office-tech.gmbh\/index.php\/wp-json\/wp\/v2\/pages"}],"about":[{"href":"https:\/\/uta-beger.office-tech.gmbh\/index.php\/wp-json\/wp\/v2\/types\/page"}],"author":[{"embeddable":true,"href":"https:\/\/uta-beger.office-tech.gmbh\/index.php\/wp-json\/wp\/v2\/users\/1"}],"replies":[{"embeddable":true,"href":"https:\/\/uta-beger.office-tech.gmbh\/index.php\/wp-json\/wp\/v2\/comments?post=63"}],"version-history":[{"count":2,"href":"https:\/\/uta-beger.office-tech.gmbh\/index.php\/wp-json\/wp\/v2\/pages\/63\/revisions"}],"predecessor-version":[{"id":66,"href":"https:\/\/uta-beger.office-tech.gmbh\/index.php\/wp-json\/wp\/v2\/pages\/63\/revisions\/66"}],"wp:attachment":[{"href":"https:\/\/uta-beger.office-tech.gmbh\/index.php\/wp-json\/wp\/v2\/media?parent=63"}],"curies":[{"name":"wp","href":"https:\/\/api.w.org\/{rel}","templated":true}]}}