{"id":36,"date":"2024-03-12T12:35:00","date_gmt":"2024-03-12T12:35:00","guid":{"rendered":"https:\/\/uta-beger.office-tech.gmbh\/?page_id=36"},"modified":"2024-03-12T12:35:00","modified_gmt":"2024-03-12T12:35:00","slug":"clown-fidele-show-und-walkact","status":"publish","type":"page","link":"https:\/\/uta-beger.office-tech.gmbh\/index.php\/clown-fidele-show-und-walkact\/","title":{"rendered":"Clown Fidele &#8211; Show und Walkact"},"content":{"rendered":"\n<p>Uta Beger spielt Clown Fidele. Sie hat an der Hochschule f\u00fcr Musik und Theater in Hannover Musik studiert (klassischer Gesang, Klavier, Orchesterleitung und Schlagzeug) und an der staatl. anerk. Erg\u00e4nzungsschule f\u00fcr Clown, Komik und Theater eine Ausbildung als Schauspielerin, Clownin und Komikerin gemacht.<\/p>\n\n\n\n<p>Sie ist Dipl.-Musiklehrerin und hat den staatlich anerkannten Abschluss f\u00fcr die Kunstgattung Clown, Komik und Theater.<\/p>\n\n\n\n<p>&nbsp;Als Showeinlage, Sketch, Walkact oder mit Animation spielt Clown Fidele phantasievoll, poetisch, \u00e4sthetisch f\u00fcr Kinder und Erwachsene f\u00fcr:<\/p>\n\n\n\n<ul class=\"wp-block-list\">\n<li>Unternehmen<\/li>\n\n\n\n<li>Schule<\/li>\n\n\n\n<li>Kindergarten<\/li>\n\n\n\n<li>Feste und Feiern jeder Art<\/li>\n<\/ul>\n\n\n\n<p>&nbsp;<strong>Clown Fidele ist auch mit Partner Clown Fidel buchbar als<\/strong><\/p>\n\n\n\n<ul class=\"wp-block-list\">\n<li>Walkact\n<ul class=\"wp-block-list\">\n<li>Puppenspieler auf Stelzen mit Marionette<\/li>\n\n\n\n<li>mit Ballonmodellage<\/li>\n\n\n\n<li>mit Minifahrr\u00e4dern<\/li>\n\n\n\n<li>mit Skatebikes<\/li>\n\n\n\n<li>mit Hochrad<\/li>\n\n\n\n<li>mit Zauberei<\/li>\n\n\n\n<li>mit viel Spa\u00df<\/li>\n<\/ul>\n<\/li>\n<\/ul>\n\n\n\n<p>Die Clowns fahren mit ihren lustigen Minifahrr\u00e4dern durchs Publikum, verzaubern Kinder und Erwachsene, modellieren Tiere aus bunten Ballons, verwandeln Kinder in bunte Schmetterlinge oder andere Wesen (Ballonmodellage).<\/p>\n\n\n\n<p>Show<br>Eine originelle Show mit Elementen aus Clownerie, Theater, Akrobatik, Zauberei&nbsp; und Pantomime<br>auf Wunsch 30, 45, 60 Minuten lang<\/p>\n","protected":false},"excerpt":{"rendered":"<p>Uta Beger spielt Clown Fidele. Sie hat an der Hochschule f\u00fcr Musik und Theater in Hannover Musik studiert (klassischer Gesang, Klavier, Orchesterleitung und Schlagzeug) und an der staatl. anerk. Erg\u00e4nzungsschule f\u00fcr Clown, Komik und Theater eine Ausbildung als Schauspielerin, Clownin und Komikerin gemacht. Sie ist Dipl.-Musiklehrerin und hat den staatlich anerkannten Abschluss f\u00fcr die Kunstgattung [&hellip;]<\/p>\n","protected":false},"author":1,"featured_media":0,"parent":0,"menu_order":0,"comment_status":"closed","ping_status":"closed","template":"","meta":{"zakra_sidebar_layout":"customizer","zakra_remove_content_margin":false,"zakra_sidebar":"customizer","zakra_transparent_header":"customizer","zakra_logo":0,"zakra_main_header_style":"default","zakra_menu_item_color":"","zakra_menu_item_hover_color":"","zakra_menu_item_active_color":"","zakra_menu_active_style":"","zakra_page_header":true,"footnotes":""},"class_list":["post-36","page","type-page","status-publish","hentry"],"_links":{"self":[{"href":"https:\/\/uta-beger.office-tech.gmbh\/index.php\/wp-json\/wp\/v2\/pages\/36","targetHints":{"allow":["GET"]}}],"collection":[{"href":"https:\/\/uta-beger.office-tech.gmbh\/index.php\/wp-json\/wp\/v2\/pages"}],"about":[{"href":"https:\/\/uta-beger.office-tech.gmbh\/index.php\/wp-json\/wp\/v2\/types\/page"}],"author":[{"embeddable":true,"href":"https:\/\/uta-beger.office-tech.gmbh\/index.php\/wp-json\/wp\/v2\/users\/1"}],"replies":[{"embeddable":true,"href":"https:\/\/uta-beger.office-tech.gmbh\/index.php\/wp-json\/wp\/v2\/comments?post=36"}],"version-history":[{"count":1,"href":"https:\/\/uta-beger.office-tech.gmbh\/index.php\/wp-json\/wp\/v2\/pages\/36\/revisions"}],"predecessor-version":[{"id":37,"href":"https:\/\/uta-beger.office-tech.gmbh\/index.php\/wp-json\/wp\/v2\/pages\/36\/revisions\/37"}],"wp:attachment":[{"href":"https:\/\/uta-beger.office-tech.gmbh\/index.php\/wp-json\/wp\/v2\/media?parent=36"}],"curies":[{"name":"wp","href":"https:\/\/api.w.org\/{rel}","templated":true}]}}