{"id":24,"date":"2024-03-12T12:26:54","date_gmt":"2024-03-12T12:26:54","guid":{"rendered":"https:\/\/uta-beger.office-tech.gmbh\/?page_id=24"},"modified":"2024-03-12T12:26:54","modified_gmt":"2024-03-12T12:26:54","slug":"barbara-hornbostel-comedy-show-programm","status":"publish","type":"page","link":"https:\/\/uta-beger.office-tech.gmbh\/index.php\/barbara-hornbostel-comedy-show-programm\/","title":{"rendered":"Barbara Hornbostel Comedy-Show-Programm"},"content":{"rendered":"\n<p>Uta Beger spielt \u201eBarbara Hornbostel\u201c. Sie hat an der Hochschule f\u00fcr Musik und Theater in Hannover Musik studiert (klassischer Gesang, Klavier, Orchesterleitung und Schlagzeug) und an der staatl. anerk. Erg\u00e4nzungsschule f\u00fcr Clown, Komik und Theater eine Ausbildung als Schauspielerin, Clownin und Komikerin gemacht.<\/p>\n\n\n\n<p>Sie ist Dipl.-Musiklehrerin und hat die staatliche Abschlusspr\u00fcfung f\u00fcr die Kunstgattung Clown, Komik und Theater.<\/p>\n\n\n\n<p>Barbara Hornbostel \u2013 begeistert wei\u00df sie zu jedem Thema etwas zu sagen. Fu\u00dfball, Tennis, M\u00e4nner, Leben, Liebe und Laster sind ihre t\u00e4glichen Themen; aber auch erneuerbare Energien, Wirtschaft, Politik, kleine, gro\u00dfe und Weltunternehmen.<\/p>\n\n\n\n<p>Witzig, herzerfrischend und anspruchsvoll ist Barbara Hornbostel in ihrer Comedyshow. Immer wieder \u00fcberrascht sie durch ihre k\u00f6rperliche und geistige Gewandtheit.<\/p>\n\n\n\n<p>Das Besondere ist, dass die Darbietung von der K\u00fcnstlerin auf die Veranstaltung und den Anlass des Kunden zugeschnitten und dem gegebenen Rahmen angepasst werden kann. In ihrer Show voller Comedy mit professionellem Gesang und Akrobatik bleibt kein Auge trocken.<\/p>\n\n\n\n<p>Barbara Hornbostel begeistert ihr Publikum in Deutschland und der Schweiz. Sie spielt auf der B\u00fchne, f\u00fcrs Fernsehen, f\u00fcr Sportveranstaltungen, f\u00fcr namhafte Unternehmen, auf Gala-Abenden und bei privaten Anl\u00e4ssen. Die Show ist ein Highlight f\u00fcr Ihre Veranstaltung.<\/p>\n\n\n\n<p>In der Show sind enthalten:<\/p>\n\n\n\n<ul class=\"wp-block-list\">\n<li>Kabarett<\/li>\n\n\n\n<li>Comedy<\/li>\n\n\n\n<li>Professioneller Gesang<\/li>\n\n\n\n<li>Akrobatische Anteile, z. B. Kunstr\u00e4der<\/li>\n\n\n\n<li>Zauberei<\/li>\n<\/ul>\n\n\n\n<p>&nbsp;f\u00fcr:<\/p>\n\n\n\n<ul class=\"wp-block-list\">\n<li>Galaabende und B\u00e4lle<\/li>\n\n\n\n<li>Veranstaltungen von Unternehmen aus der Wirtschaft<\/li>\n\n\n\n<li>Politische Veranstaltungen<\/li>\n\n\n\n<li>Firmenfeiern<\/li>\n\n\n\n<li>Fachsymposien jeder Art (z. B. Medizin, P\u00e4dagogik, Handwerk etc.)<\/li>\n\n\n\n<li>Private Anl\u00e4sse, z. B. Geburtstag, (silberne, goldene etc.) Hochzeit, Jubil\u00e4um<\/li>\n<\/ul>\n\n\n\n<p><strong>Barbara Hornbostel Moderation<\/strong><\/p>\n\n\n\n<p>Barbara Hornbostel kann als Moderatorin gebucht werden. Die Veranstaltung wird witzig, intelligent und akzentuiert von Barbara Hornbostel moderiert<\/p>\n\n\n\n<ul class=\"wp-block-list\">\n<li>zus\u00e4tzlich zum Showprogramm<\/li>\n\n\n\n<li>oder auch extra<\/li>\n<\/ul>\n","protected":false},"excerpt":{"rendered":"<p>Uta Beger spielt \u201eBarbara Hornbostel\u201c. Sie hat an der Hochschule f\u00fcr Musik und Theater in Hannover Musik studiert (klassischer Gesang, Klavier, Orchesterleitung und Schlagzeug) und an der staatl. anerk. Erg\u00e4nzungsschule f\u00fcr Clown, Komik und Theater eine Ausbildung als Schauspielerin, Clownin und Komikerin gemacht. Sie ist Dipl.-Musiklehrerin und hat die staatliche Abschlusspr\u00fcfung f\u00fcr die Kunstgattung Clown, [&hellip;]<\/p>\n","protected":false},"author":1,"featured_media":0,"parent":0,"menu_order":0,"comment_status":"closed","ping_status":"closed","template":"","meta":{"zakra_sidebar_layout":"customizer","zakra_remove_content_margin":false,"zakra_sidebar":"customizer","zakra_transparent_header":"customizer","zakra_logo":0,"zakra_main_header_style":"default","zakra_menu_item_color":"","zakra_menu_item_hover_color":"","zakra_menu_item_active_color":"","zakra_menu_active_style":"","zakra_page_header":true,"footnotes":""},"class_list":["post-24","page","type-page","status-publish","hentry"],"_links":{"self":[{"href":"https:\/\/uta-beger.office-tech.gmbh\/index.php\/wp-json\/wp\/v2\/pages\/24","targetHints":{"allow":["GET"]}}],"collection":[{"href":"https:\/\/uta-beger.office-tech.gmbh\/index.php\/wp-json\/wp\/v2\/pages"}],"about":[{"href":"https:\/\/uta-beger.office-tech.gmbh\/index.php\/wp-json\/wp\/v2\/types\/page"}],"author":[{"embeddable":true,"href":"https:\/\/uta-beger.office-tech.gmbh\/index.php\/wp-json\/wp\/v2\/users\/1"}],"replies":[{"embeddable":true,"href":"https:\/\/uta-beger.office-tech.gmbh\/index.php\/wp-json\/wp\/v2\/comments?post=24"}],"version-history":[{"count":1,"href":"https:\/\/uta-beger.office-tech.gmbh\/index.php\/wp-json\/wp\/v2\/pages\/24\/revisions"}],"predecessor-version":[{"id":25,"href":"https:\/\/uta-beger.office-tech.gmbh\/index.php\/wp-json\/wp\/v2\/pages\/24\/revisions\/25"}],"wp:attachment":[{"href":"https:\/\/uta-beger.office-tech.gmbh\/index.php\/wp-json\/wp\/v2\/media?parent=24"}],"curies":[{"name":"wp","href":"https:\/\/api.w.org\/{rel}","templated":true}]}}