{"id":13,"date":"2024-03-12T12:20:42","date_gmt":"2024-03-12T12:20:42","guid":{"rendered":"https:\/\/uta-beger.office-tech.gmbh\/?page_id=13"},"modified":"2024-03-12T12:43:56","modified_gmt":"2024-03-12T12:43:56","slug":"zu-meiner-person","status":"publish","type":"page","link":"https:\/\/uta-beger.office-tech.gmbh\/index.php\/zu-meiner-person\/","title":{"rendered":"zu meiner Person"},"content":{"rendered":"\t\t<div data-elementor-type=\"wp-page\" data-elementor-id=\"13\" class=\"elementor elementor-13\">\n\t\t\t\t<div class=\"elementor-element elementor-element-b6571da e-flex e-con-boxed e-con e-parent\" data-id=\"b6571da\" data-element_type=\"container\">\n\t\t\t\t\t<div class=\"e-con-inner\">\n\t\t\t\t<div class=\"elementor-element elementor-element-9db7166 elementor-widget elementor-widget-text-editor\" data-id=\"9db7166\" data-element_type=\"widget\" data-widget_type=\"text-editor.default\">\n\t\t\t\t<div class=\"elementor-widget-container\">\n\t\t\t\t\t\t\t\t\t<div class=\"flex flex-grow flex-col max-w-full\">\n<div class=\"min-h-[20px] text-message flex flex-col items-start gap-3 whitespace-pre-wrap break-words [.text-message+&amp;]:mt-5 overflow-x-auto\" data-message-author-role=\"assistant\" data-message-id=\"dd065d22-3e15-4b08-a4d3-7780f79812f8\">\n<div class=\"markdown prose w-full break-words dark:prose-invert light\">\n<p>Herzlich willkommen auf der Homepage von Uta Beger \u2013 einer vielseitigen K\u00fcnstlerin mit einer fundierten Ausbildung in Musik und Schauspiel. Uta Beger absolvierte ihr Musikstudium an der renommierten Hochschule f\u00fcr Musik und Theater in Hannover, wo sie sich intensiv mit klassischem Gesang, Klavier, Orchesterleitung und Schlagzeug auseinandersetzte. Diese breit gef\u00e4cherte musikalische Ausbildung legte den Grundstein f\u00fcr ihre beeindruckende k\u00fcnstlerische Reise.<\/p>\n<p>Nach ihrem Musikstudium begab sich Uta Beger auf eine weitere facettenreiche Reise, indem sie an der staatlich anerkannten Erg\u00e4nzungsschule f\u00fcr Clown, Komik und Theater eine umfassende Ausbildung als Schauspielerin absolvierte. Diese Ausbildung verlieh ihr nicht nur das n\u00f6tige handwerkliche K\u00f6nnen, sondern auch die F\u00e4higkeit, mit Humor und Leidenschaft Geschichten zu erz\u00e4hlen und Emotionen zu wecken.<\/p>\n<p>Mit einem Diplom als Musiklehrerin und dem staatlich anerkannten Abschluss f\u00fcr die Kunstgattung Clown, Komik und Theater ist Uta Beger nicht nur eine versierte Musikerin, sondern auch eine erfahrene und talentierte Schauspielerin. Ihre Leidenschaft f\u00fcr die verschiedenen Kunstformen spiegelt sich in ihrer vielseitigen Ausbildung wider, die es ihr erm\u00f6glicht, auf der B\u00fchne und im Unterricht gleicherma\u00dfen brillant zu agieren.<\/p>\n<p>Uta Beger begeistert nicht nur durch ihre beeindruckenden musikalischen F\u00e4higkeiten, sondern auch durch ihre einzigartige F\u00e4higkeit, durch Schauspiel und Clownerie eine besondere Verbindung zum Publikum herzustellen. Als Musiklehrerin teilt sie ihr umfangreiches Wissen und ihre Begeisterung f\u00fcr die Welt der Kl\u00e4nge, w\u00e4hrend sie als Schauspielerin und Clown mit ihrer charmanten und einf\u00fchlsamen Art die Herzen der Zuschauer im Sturm erobert.<\/p>\n<p>Auf dieser Seite laden wir Sie ein, mehr \u00fcber Uta Begers k\u00fcnstlerischen Werdegang, ihre Projekte und Auftritte zu erfahren. Tauchen Sie ein in die faszinierende Welt der Musik, des Theaters und der Clownerie \u2013 gestaltet von einer K\u00fcnstlerin, die mit Herz, Talent und Hingabe die Vielfalt der Kunst zum Leben erweckt.<\/p>\n<\/div>\n<\/div>\n<\/div>\t\t\t\t\t\t\t\t<\/div>\n\t\t\t\t<\/div>\n\t\t\t\t\t<\/div>\n\t\t\t\t<\/div>\n\t\t<div class=\"elementor-element elementor-element-0b4e848 e-flex e-con-boxed e-con e-parent\" data-id=\"0b4e848\" data-element_type=\"container\">\n\t\t\t\t\t<div class=\"e-con-inner\">\n\t\t\t\t<div class=\"elementor-element elementor-element-4cf6e95 elementor-widget elementor-widget-counter\" data-id=\"4cf6e95\" data-element_type=\"widget\" data-widget_type=\"counter.default\">\n\t\t\t\t<div class=\"elementor-widget-container\">\n\t\t\t\t\t\t\t<div class=\"elementor-counter\">\n\t\t\t<div class=\"elementor-counter-title\">Auftritte<\/div>\t\t\t<div class=\"elementor-counter-number-wrapper\">\n\t\t\t\t<span class=\"elementor-counter-number-prefix\"><\/span>\n\t\t\t\t<span class=\"elementor-counter-number\" data-duration=\"2000\" data-to-value=\"259\" data-from-value=\"0\" data-delimiter=\",\">0<\/span>\n\t\t\t\t<span class=\"elementor-counter-number-suffix\"><\/span>\n\t\t\t<\/div>\n\t\t<\/div>\n\t\t\t\t\t\t<\/div>\n\t\t\t\t<\/div>\n\t\t\t\t\t<\/div>\n\t\t\t\t<\/div>\n\t\t\t\t<\/div>\n\t\t","protected":false},"excerpt":{"rendered":"<p>Herzlich willkommen auf der Homepage von Uta Beger \u2013 einer vielseitigen K\u00fcnstlerin mit einer fundierten Ausbildung in Musik und Schauspiel. Uta Beger absolvierte ihr Musikstudium an der renommierten Hochschule f\u00fcr Musik und Theater in Hannover, wo sie sich intensiv mit klassischem Gesang, Klavier, Orchesterleitung und Schlagzeug auseinandersetzte. Diese breit gef\u00e4cherte musikalische Ausbildung legte den Grundstein [&hellip;]<\/p>\n","protected":false},"author":1,"featured_media":0,"parent":0,"menu_order":0,"comment_status":"closed","ping_status":"closed","template":"","meta":{"zakra_sidebar_layout":"customizer","zakra_remove_content_margin":false,"zakra_sidebar":"customizer","zakra_transparent_header":"customizer","zakra_logo":0,"zakra_main_header_style":"default","zakra_menu_item_color":"","zakra_menu_item_hover_color":"","zakra_menu_item_active_color":"","zakra_menu_active_style":"","zakra_page_header":true,"footnotes":""},"class_list":["post-13","page","type-page","status-publish","hentry"],"_links":{"self":[{"href":"https:\/\/uta-beger.office-tech.gmbh\/index.php\/wp-json\/wp\/v2\/pages\/13","targetHints":{"allow":["GET"]}}],"collection":[{"href":"https:\/\/uta-beger.office-tech.gmbh\/index.php\/wp-json\/wp\/v2\/pages"}],"about":[{"href":"https:\/\/uta-beger.office-tech.gmbh\/index.php\/wp-json\/wp\/v2\/types\/page"}],"author":[{"embeddable":true,"href":"https:\/\/uta-beger.office-tech.gmbh\/index.php\/wp-json\/wp\/v2\/users\/1"}],"replies":[{"embeddable":true,"href":"https:\/\/uta-beger.office-tech.gmbh\/index.php\/wp-json\/wp\/v2\/comments?post=13"}],"version-history":[{"count":7,"href":"https:\/\/uta-beger.office-tech.gmbh\/index.php\/wp-json\/wp\/v2\/pages\/13\/revisions"}],"predecessor-version":[{"id":53,"href":"https:\/\/uta-beger.office-tech.gmbh\/index.php\/wp-json\/wp\/v2\/pages\/13\/revisions\/53"}],"wp:attachment":[{"href":"https:\/\/uta-beger.office-tech.gmbh\/index.php\/wp-json\/wp\/v2\/media?parent=13"}],"curies":[{"name":"wp","href":"https:\/\/api.w.org\/{rel}","templated":true}]}}